{"id":239,"date":"2021-06-07T20:26:16","date_gmt":"2021-06-07T18:26:16","guid":{"rendered":"https:\/\/www.leithaeusl.it\/hof\/"},"modified":"2024-10-21T09:36:53","modified_gmt":"2024-10-21T07:36:53","slug":"il-nostro-agriturismo","status":"publish","type":"page","link":"https:\/\/www.leithaeusl.it\/it\/","title":{"rendered":"Il nostro agriturismo"},"content":{"rendered":"\r\n<p>Dies ist eine Beispiel-Seite. Sie unterscheidet sich von Beitr\u00e4gen, da sie stets an derselben Stelle bleibt und (bei den meisten Themes) in der Website-Navigation angezeigt wird. Die meisten starten mit einem Impressum, der Datenschutzerkl\u00e4rung oder einer \u201e\u00dcber\u00a0uns\u201c-Seite, um sich potenziellen Besuchern der Website vorzustellen. Dort k\u00f6nnte zum Beispiel stehen:<\/p>\r\n\r\n\r\n\r\n<blockquote class=\"wp-block-quote is-layout-flow wp-block-quote-is-layout-flow\">\r\n<p>Hallo! Tags\u00fcber arbeite ich als Fahrradkurier, nachts bin ich ein aufstrebender Schauspieler und dies hier ist meine Website. Ich lebe in Berlin, habe einen gro\u00dfen Hund namens Jack, mag Pi\u00f1a Coladas, jedoch weniger (ohne Schirm) im Regen stehen gelassen zu werden.<\/p>\r\n<\/blockquote>\r\n\r\n\r\n\r\n<p>&#8230;oder so etwas wie das hier:<\/p>\r\n\r\n\r\n\r\n<blockquote class=\"wp-block-quote is-layout-flow wp-block-quote-is-layout-flow\">\r\n<p>Das Unternehmen XYZ wurde 1971 gegr\u00fcndet und versorgt die \u00d6ffentlichkeit seither mit qualitativ hochwertigen Produkten. An seinem Standort in einer kleinen Gro\u00dfstadt besch\u00e4ftigt der Betrieb \u00fcber 2.000 Menschen und unterst\u00fctzt die Stadtbewohner in vielfacher Hinsicht.<\/p>\r\n<\/blockquote>\r\n\r\n\r\n\r\n<p>Als neuer WordPress-Benutzer solltest du <a href=\"https:\/\/www.leithaeusl.it\/wp-admin\/\">dein Dashboard<\/a> aufrufen, um diese Seite zu l\u00f6schen und neue Seiten und Beitr\u00e4ge f\u00fcr deine Website erstellen. Viel Spa\u00df!<\/p>\r\n","protected":false},"excerpt":{"rendered":"Dies ist eine Beispiel-Seite. Sie unterscheidet sich von Beitr\u00e4gen, da sie stets an derselben Stelle bleibt und (bei den meisten Themes) in der Website-Navigation angezeigt wird. Die meisten starten mit einem Impressum, der Datenschutzerkl\u00e4rung oder einer \u201e\u00dcber\u00a0uns\u201c-Seite, um sich potenziellen Besuchern der Website vorzustellen. Dort k\u00f6nnte zum Beispiel stehen: Hallo! Tags\u00fcber arbeite ich als Fahrradkurier,&#8230;","protected":false},"author":1,"featured_media":0,"parent":0,"menu_order":0,"comment_status":"closed","ping_status":"open","template":"","meta":{"inline_featured_image":false,"footnotes":""},"class_list":["post-239","page","type-page","status-publish","hentry"],"yoast_head":"<!-- This site is optimized with the Yoast SEO plugin v23.4 - https:\/\/yoast.com\/wordpress\/plugins\/seo\/ -->\n<title>Maso Leith\u00e4usl \u2013 vacanze in agriturismo in Alto Adige<\/title>\n<meta name=\"description\" content=\"Il maso Leith\u00e4usl, vicino a San Lorenzo e al Plan de Corones, offre accoglienti camere e appartamenti per la vostra vacanza in Alto Adige.\" \/>\n<meta name=\"robots\" content=\"index, follow, max-snippet:-1, max-image-preview:large, max-video-preview:-1\" \/>\n<link rel=\"canonical\" href=\"https:\/\/www.leithaeusl.it\/it\/\" \/>\n<meta property=\"og:locale\" content=\"it_IT\" \/>\n<meta property=\"og:type\" content=\"article\" \/>\n<meta property=\"og:title\" content=\"Maso Leith\u00e4usl \u2013 vacanze in agriturismo in Alto Adige\" \/>\n<meta property=\"og:description\" content=\"Il maso Leith\u00e4usl, vicino a San Lorenzo e al Plan de Corones, offre accoglienti camere e appartamenti per la vostra vacanza in Alto Adige.\" \/>\n<meta property=\"og:url\" content=\"https:\/\/www.leithaeusl.it\/it\/\" \/>\n<meta property=\"og:site_name\" content=\"Leith\u00e4usl\" \/>\n<meta property=\"article:modified_time\" content=\"2024-10-21T07:36:53+00:00\" \/>\n<meta name=\"twitter:card\" content=\"summary_large_image\" \/>\n<meta name=\"twitter:label1\" content=\"Tempo di lettura stimato\" \/>\n\t<meta name=\"twitter:data1\" content=\"1 minuto\" \/>\n<script type=\"application\/ld+json\" class=\"yoast-schema-graph\">{\"@context\":\"https:\/\/schema.org\",\"@graph\":[{\"@type\":\"WebPage\",\"@id\":\"https:\/\/www.leithaeusl.it\/it\/\",\"url\":\"https:\/\/www.leithaeusl.it\/it\/\",\"name\":\"Maso Leith\u00e4usl \u2013 vacanze in agriturismo in Alto Adige\",\"isPartOf\":{\"@id\":\"https:\/\/www.leithaeusl.it\/#website\"},\"datePublished\":\"2021-06-07T18:26:16+00:00\",\"dateModified\":\"2024-10-21T07:36:53+00:00\",\"description\":\"Il maso Leith\u00e4usl, vicino a San Lorenzo e al Plan de Corones, offre accoglienti camere e appartamenti per la vostra vacanza in Alto Adige.\",\"breadcrumb\":{\"@id\":\"https:\/\/www.leithaeusl.it\/it\/#breadcrumb\"},\"inLanguage\":\"it-IT\",\"potentialAction\":[{\"@type\":\"ReadAction\",\"target\":[\"https:\/\/www.leithaeusl.it\/it\/\"]}]},{\"@type\":\"BreadcrumbList\",\"@id\":\"https:\/\/www.leithaeusl.it\/it\/#breadcrumb\",\"itemListElement\":[{\"@type\":\"ListItem\",\"position\":1,\"name\":\"Startseite\",\"item\":\"https:\/\/www.leithaeusl.it\/it\/\"},{\"@type\":\"ListItem\",\"position\":2,\"name\":\"Il nostro agriturismo\"}]},{\"@type\":\"WebSite\",\"@id\":\"https:\/\/www.leithaeusl.it\/#website\",\"url\":\"https:\/\/www.leithaeusl.it\/\",\"name\":\"Leith\u00e4usl\",\"description\":\"\",\"potentialAction\":[{\"@type\":\"SearchAction\",\"target\":{\"@type\":\"EntryPoint\",\"urlTemplate\":\"https:\/\/www.leithaeusl.it\/?s={search_term_string}\"},\"query-input\":{\"@type\":\"PropertyValueSpecification\",\"valueRequired\":true,\"valueName\":\"search_term_string\"}}],\"inLanguage\":\"it-IT\"}]}<\/script>\n<!-- \/ Yoast SEO plugin. -->","yoast_head_json":{"title":"Maso Leith\u00e4usl \u2013 vacanze in agriturismo in Alto Adige","description":"Il maso Leith\u00e4usl, vicino a San Lorenzo e al Plan de Corones, offre accoglienti camere e appartamenti per la vostra vacanza in Alto Adige.","robots":{"index":"index","follow":"follow","max-snippet":"max-snippet:-1","max-image-preview":"max-image-preview:large","max-video-preview":"max-video-preview:-1"},"canonical":"https:\/\/www.leithaeusl.it\/it\/","og_locale":"it_IT","og_type":"article","og_title":"Maso Leith\u00e4usl \u2013 vacanze in agriturismo in Alto Adige","og_description":"Il maso Leith\u00e4usl, vicino a San Lorenzo e al Plan de Corones, offre accoglienti camere e appartamenti per la vostra vacanza in Alto Adige.","og_url":"https:\/\/www.leithaeusl.it\/it\/","og_site_name":"Leith\u00e4usl","article_modified_time":"2024-10-21T07:36:53+00:00","twitter_card":"summary_large_image","twitter_misc":{"Tempo di lettura stimato":"1 minuto"},"schema":{"@context":"https:\/\/schema.org","@graph":[{"@type":"WebPage","@id":"https:\/\/www.leithaeusl.it\/it\/","url":"https:\/\/www.leithaeusl.it\/it\/","name":"Maso Leith\u00e4usl \u2013 vacanze in agriturismo in Alto Adige","isPartOf":{"@id":"https:\/\/www.leithaeusl.it\/#website"},"datePublished":"2021-06-07T18:26:16+00:00","dateModified":"2024-10-21T07:36:53+00:00","description":"Il maso Leith\u00e4usl, vicino a San Lorenzo e al Plan de Corones, offre accoglienti camere e appartamenti per la vostra vacanza in Alto Adige.","breadcrumb":{"@id":"https:\/\/www.leithaeusl.it\/it\/#breadcrumb"},"inLanguage":"it-IT","potentialAction":[{"@type":"ReadAction","target":["https:\/\/www.leithaeusl.it\/it\/"]}]},{"@type":"BreadcrumbList","@id":"https:\/\/www.leithaeusl.it\/it\/#breadcrumb","itemListElement":[{"@type":"ListItem","position":1,"name":"Startseite","item":"https:\/\/www.leithaeusl.it\/it\/"},{"@type":"ListItem","position":2,"name":"Il nostro agriturismo"}]},{"@type":"WebSite","@id":"https:\/\/www.leithaeusl.it\/#website","url":"https:\/\/www.leithaeusl.it\/","name":"Leith\u00e4usl","description":"","potentialAction":[{"@type":"SearchAction","target":{"@type":"EntryPoint","urlTemplate":"https:\/\/www.leithaeusl.it\/?s={search_term_string}"},"query-input":{"@type":"PropertyValueSpecification","valueRequired":true,"valueName":"search_term_string"}}],"inLanguage":"it-IT"}]}},"_links":{"self":[{"href":"https:\/\/www.leithaeusl.it\/it\/wp-json\/wp\/v2\/pages\/239","targetHints":{"allow":["GET"]}}],"collection":[{"href":"https:\/\/www.leithaeusl.it\/it\/wp-json\/wp\/v2\/pages"}],"about":[{"href":"https:\/\/www.leithaeusl.it\/it\/wp-json\/wp\/v2\/types\/page"}],"author":[{"embeddable":true,"href":"https:\/\/www.leithaeusl.it\/it\/wp-json\/wp\/v2\/users\/1"}],"replies":[{"embeddable":true,"href":"https:\/\/www.leithaeusl.it\/it\/wp-json\/wp\/v2\/comments?post=239"}],"version-history":[{"count":18,"href":"https:\/\/www.leithaeusl.it\/it\/wp-json\/wp\/v2\/pages\/239\/revisions"}],"predecessor-version":[{"id":967,"href":"https:\/\/www.leithaeusl.it\/it\/wp-json\/wp\/v2\/pages\/239\/revisions\/967"}],"wp:attachment":[{"href":"https:\/\/www.leithaeusl.it\/it\/wp-json\/wp\/v2\/media?parent=239"}],"curies":[{"name":"wp","href":"https:\/\/api.w.org\/{rel}","templated":true}]}}